{"id":1027,"date":"2024-02-12T19:53:55","date_gmt":"2024-02-12T18:53:55","guid":{"rendered":"https:\/\/travelerandexplorergirl.com\/?page_id=1027"},"modified":"2024-11-01T21:15:52","modified_gmt":"2024-11-01T20:15:52","slug":"guiafrancesbasicoparaviajeros","status":"publish","type":"page","link":"https:\/\/travelerandexplorergirl.com\/index.php\/guiafrancesbasicoparaviajeros\/","title":{"rendered":"Gu\u00eda de 10 frases en franc\u00e9s f\u00e1cil para viajeros hispanos."},"content":{"rendered":"\n<div class=\"wp-block-columns is-layout-flex wp-container-core-columns-is-layout-9d6595d7 wp-block-columns-is-layout-flex\">\n<div class=\"wp-block-column is-layout-flow wp-block-column-is-layout-flow\">\n<figure class=\"wp-block-image size-full is-resized\"><img data-recalc-dims=\"1\" fetchpriority=\"high\" decoding=\"async\" width=\"768\" height=\"576\" src=\"https:\/\/i0.wp.com\/travelerandexplorergirl.com\/wp-content\/uploads\/2023\/05\/aprende-frances-conmigo-travelerandexplorergirl-1.jpg?resize=768%2C576&#038;ssl=1\" alt=\"aprende-frances-conmigo-travelerandexplorergirl\" class=\"wp-image-587\" style=\"width:361px;height:auto\" srcset=\"https:\/\/i0.wp.com\/travelerandexplorergirl.com\/wp-content\/uploads\/2023\/05\/aprende-frances-conmigo-travelerandexplorergirl-1.jpg?w=1000&amp;ssl=1 1000w, https:\/\/i0.wp.com\/travelerandexplorergirl.com\/wp-content\/uploads\/2023\/05\/aprende-frances-conmigo-travelerandexplorergirl-1.jpg?resize=300%2C225&amp;ssl=1 300w, https:\/\/i0.wp.com\/travelerandexplorergirl.com\/wp-content\/uploads\/2023\/05\/aprende-frances-conmigo-travelerandexplorergirl-1.jpg?resize=768%2C576&amp;ssl=1 768w, https:\/\/i0.wp.com\/travelerandexplorergirl.com\/wp-content\/uploads\/2023\/05\/aprende-frances-conmigo-travelerandexplorergirl-1.jpg?resize=128%2C96&amp;ssl=1 128w\" sizes=\"(max-width: 768px) 100vw, 768px\" \/><\/figure>\n<\/div>\n\n\n\n<div class=\"wp-block-column is-vertically-aligned-center is-layout-flow wp-block-column-is-layout-flow\">\n<h2 class=\"wp-block-heading has-text-align-center\">\u00bfPronto llegas a Francia y necesitas hablar franc\u00e9s f\u00e1cil y b\u00e1sico para hacerte entender?<\/h2>\n\n\n\n<h3 class=\"wp-block-heading has-text-align-left\">Aqu\u00ed te ofrezco <span style=\"text-decoration: underline;\">gratis<\/span> una gu\u00eda de 10 frases b\u00e1sico, especialmente creada para viajeros hispanohablantes. <\/h3>\n\n\n\n<p class=\"has-text-align-left\">All\u00ed podr\u00e1s aprender a comunicarte en situaciones cotidianas como: <\/p>\n\n\n\n<ul class=\"wp-block-list\">\n<li>Pedir un caf\u00e9<\/li>\n\n\n\n<li>Preguntar d\u00f3nde est\u00e1n los sanitarios<\/li>\n\n\n\n<li>Preguntar un trayecto desde el aeropuerto<\/li>\n\n\n\n<li>Pedir la clave Wifi<\/li>\n<\/ul>\n\n\n\n<p><\/p>\n\n\n\n<p class=\"has-text-align-center\"><strong>Escribe tu correo electr\u00f3nico y te la env\u00edo ( no olvides revisar tus correos \u00abno deseados\u00bb).<\/strong><\/p>\n<\/div>\n<\/div>\n\n\n\n<div class=\"wp-block-leadin-hubspot-form-block\">\n\t\t\t\t\t\t<script data-jetpack-boost=\"ignore\">\n\t\t\t\t\t\t\twindow.hsFormsOnReady = window.hsFormsOnReady || [];\n\t\t\t\t\t\t\twindow.hsFormsOnReady.push(()=>{\n\t\t\t\t\t\t\t\thbspt.forms.create({\n\t\t\t\t\t\t\t\t\tportalId: 26994475,\n\t\t\t\t\t\t\t\t\tformId: \"2d87d608-28c8-450b-bac2-4f3e11e321a9\",\n\t\t\t\t\t\t\t\t\ttarget: \"#hbspt-form-1776318136000-9074102041\",\n\t\t\t\t\t\t\t\t\tregion: \"eu1\",\n\t\t\t\t\t\t\t\t\t\n\t\t\t\t\t\t\t})});\n\t\t\t\t\t\t<\/script>\n\t\t\t\t\t\t<div class=\"hbspt-form\" id=\"hbspt-form-1776318136000-9074102041\"><\/div><\/div>\n\n\n\n<h4 align=\"center\">Si tambi\u00e9n quieres aprender la pronunciaci\u00f3n de las 10 frases y disfrutar de explicaciones culturales m\u00e1s amplias, te invito a descargar el pack: infograf\u00eda + video por solo 3,99\u20ac. Si te interesa, da click en el siguiente bot\u00f3n. <\/h4>\n\n\n\n<div class=\"wp-block-buttons is-content-justification-center is-layout-flex wp-container-core-buttons-is-layout-16018d1d wp-block-buttons-is-layout-flex\">\n<div class=\"wp-block-button\"><a class=\"wp-block-button__link has-text-align-center wp-element-button\" href=\"https:\/\/gpmgdigital.gumroad.com\/l\/guiafrancesfacil\"><strong>iQuiero obtener el pack completo!<\/strong><\/a><\/div>\n<\/div>\n\n\n\n<hr class=\"wp-block-separator has-alpha-channel-opacity\"\/>\n\n\n\n<p>Si adem\u00e1s, quieres aprender vocabulario y expresiones en franc\u00e9s familiar visita mi p\u00e1gina \u00abAprende franc\u00e9s con Paolita\u00bb, donde encontrar\u00e1s videos con pronunciaci\u00f3n de estas frases. Este contenido es gratis para t\u00ed, para que comprendas y te comuniques mejor con los franceses nativos. <\/p>\n\n\n\n<div class=\"wp-block-buttons is-content-justification-center is-layout-flex wp-container-core-buttons-is-layout-28206b41 wp-block-buttons-is-layout-flex\">\n<div class=\"wp-block-button is-style-fill\"><a class=\"wp-block-button__link has-text-align-center wp-element-button\" href=\"https:\/\/travelerandexplorergirl.com\/index.php\/aprende-frances-con-paolita\/?utm_source=guia1\" target=\"_blank\" rel=\"noreferrer noopener\"><strong>Pincha aqu\u00ed para ver y escuchar los videos. <\/strong><\/a><\/div>\n<\/div>\n\n\n<blockquote class=\"instagram-media\" data-instgrm-captioned data-instgrm-permalink=\"https:\/\/www.instagram.com\/reel\/C5N7WdrMqeW\/?utm_source=ig_embed&amp;utm_campaign=loading\" data-instgrm-version=\"14\" style=\" background:#FFF; border:0; border-radius:3px; box-shadow:0 0 1px 0 rgba(0,0,0,0.5),0 1px 10px 0 rgba(0,0,0,0.15); margin: 1px; max-width:540px; min-width:326px; padding:0; width:99.375%; width:-webkit-calc(100% - 2px); width:calc(100% - 2px);\">\n<div style=\"padding:16px;\"> <a href=\"https:\/\/www.instagram.com\/reel\/C5N7WdrMqeW\/?utm_source=ig_embed&amp;utm_campaign=loading\" style=\" background:#FFFFFF; line-height:0; padding:0 0; text-align:center; text-decoration:none; width:100%;\" target=\"_blank\" rel=\"noopener\"> <\/p>\n<div style=\" display: flex; flex-direction: row; align-items: center;\">\n<div style=\"background-color: #F4F4F4; border-radius: 50%; flex-grow: 0; height: 40px; margin-right: 14px; width: 40px;\"><\/div>\n<div style=\"display: flex; flex-direction: column; flex-grow: 1; justify-content: center;\">\n<div style=\" background-color: #F4F4F4; border-radius: 4px; flex-grow: 0; height: 14px; margin-bottom: 6px; width: 100px;\"><\/div>\n<div style=\" background-color: #F4F4F4; border-radius: 4px; flex-grow: 0; height: 14px; width: 60px;\"><\/div>\n<\/div>\n<\/div>\n<div style=\"padding: 19% 0;\"><\/div>\n<div style=\"display:block; height:50px; margin:0 auto 12px; width:50px;\"><svg width=\"50px\" height=\"50px\" viewBox=\"0 0 60 60\" version=\"1.1\" xmlns=\"https:\/\/www.w3.org\/2000\/svg\" xmlns:xlink=\"https:\/\/www.w3.org\/1999\/xlink\"><g stroke=\"none\" stroke-width=\"1\" fill=\"none\" fill-rule=\"evenodd\"><g transform=\"translate(-511.000000, -20.000000)\" fill=\"#000000\"><g><path d=\"M556.869,30.41 C554.814,30.41 553.148,32.076 553.148,34.131 C553.148,36.186 554.814,37.852 556.869,37.852 C558.924,37.852 560.59,36.186 560.59,34.131 C560.59,32.076 558.924,30.41 556.869,30.41 M541,60.657 C535.114,60.657 530.342,55.887 530.342,50 C530.342,44.114 535.114,39.342 541,39.342 C546.887,39.342 551.658,44.114 551.658,50 C551.658,55.887 546.887,60.657 541,60.657 M541,33.886 C532.1,33.886 524.886,41.1 524.886,50 C524.886,58.899 532.1,66.113 541,66.113 C549.9,66.113 557.115,58.899 557.115,50 C557.115,41.1 549.9,33.886 541,33.886 M565.378,62.101 C565.244,65.022 564.756,66.606 564.346,67.663 C563.803,69.06 563.154,70.057 562.106,71.106 C561.058,72.155 560.06,72.803 558.662,73.347 C557.607,73.757 556.021,74.244 553.102,74.378 C549.944,74.521 548.997,74.552 541,74.552 C533.003,74.552 532.056,74.521 528.898,74.378 C525.979,74.244 524.393,73.757 523.338,73.347 C521.94,72.803 520.942,72.155 519.894,71.106 C518.846,70.057 518.197,69.06 517.654,67.663 C517.244,66.606 516.755,65.022 516.623,62.101 C516.479,58.943 516.448,57.996 516.448,50 C516.448,42.003 516.479,41.056 516.623,37.899 C516.755,34.978 517.244,33.391 517.654,32.338 C518.197,30.938 518.846,29.942 519.894,28.894 C520.942,27.846 521.94,27.196 523.338,26.654 C524.393,26.244 525.979,25.756 528.898,25.623 C532.057,25.479 533.004,25.448 541,25.448 C548.997,25.448 549.943,25.479 553.102,25.623 C556.021,25.756 557.607,26.244 558.662,26.654 C560.06,27.196 561.058,27.846 562.106,28.894 C563.154,29.942 563.803,30.938 564.346,32.338 C564.756,33.391 565.244,34.978 565.378,37.899 C565.522,41.056 565.552,42.003 565.552,50 C565.552,57.996 565.522,58.943 565.378,62.101 M570.82,37.631 C570.674,34.438 570.167,32.258 569.425,30.349 C568.659,28.377 567.633,26.702 565.965,25.035 C564.297,23.368 562.623,22.342 560.652,21.575 C558.743,20.834 556.562,20.326 553.369,20.18 C550.169,20.033 549.148,20 541,20 C532.853,20 531.831,20.033 528.631,20.18 C525.438,20.326 523.257,20.834 521.349,21.575 C519.376,22.342 517.703,23.368 516.035,25.035 C514.368,26.702 513.342,28.377 512.574,30.349 C511.834,32.258 511.326,34.438 511.181,37.631 C511.035,40.831 511,41.851 511,50 C511,58.147 511.035,59.17 511.181,62.369 C511.326,65.562 511.834,67.743 512.574,69.651 C513.342,71.625 514.368,73.296 516.035,74.965 C517.703,76.634 519.376,77.658 521.349,78.425 C523.257,79.167 525.438,79.673 528.631,79.82 C531.831,79.965 532.853,80.001 541,80.001 C549.148,80.001 550.169,79.965 553.369,79.82 C556.562,79.673 558.743,79.167 560.652,78.425 C562.623,77.658 564.297,76.634 565.965,74.965 C567.633,73.296 568.659,71.625 569.425,69.651 C570.167,67.743 570.674,65.562 570.82,62.369 C570.966,59.17 571,58.147 571,50 C571,41.851 570.966,40.831 570.82,37.631\"><\/path><\/g><\/g><\/g><\/svg><\/div>\n<div style=\"padding-top: 8px;\">\n<div style=\" color:#3897f0; font-family:Arial,sans-serif; font-size:14px; font-style:normal; font-weight:550; line-height:18px;\">Voir cette publication sur Instagram<\/div>\n<\/div>\n<div style=\"padding: 12.5% 0;\"><\/div>\n<div style=\"display: flex; flex-direction: row; margin-bottom: 14px; align-items: center;\">\n<div>\n<div style=\"background-color: #F4F4F4; border-radius: 50%; height: 12.5px; width: 12.5px; transform: translateX(0px) translateY(7px);\"><\/div>\n<div style=\"background-color: #F4F4F4; height: 12.5px; transform: rotate(-45deg) translateX(3px) translateY(1px); width: 12.5px; flex-grow: 0; margin-right: 14px; margin-left: 2px;\"><\/div>\n<div style=\"background-color: #F4F4F4; border-radius: 50%; height: 12.5px; width: 12.5px; transform: translateX(9px) translateY(-18px);\"><\/div>\n<\/div>\n<div style=\"margin-left: 8px;\">\n<div style=\" background-color: #F4F4F4; border-radius: 50%; flex-grow: 0; height: 20px; width: 20px;\"><\/div>\n<div style=\" width: 0; height: 0; border-top: 2px solid transparent; border-left: 6px solid #f4f4f4; border-bottom: 2px solid transparent; transform: translateX(16px) translateY(-4px) rotate(30deg)\"><\/div>\n<\/div>\n<div style=\"margin-left: auto;\">\n<div style=\" width: 0px; border-top: 8px solid #F4F4F4; border-right: 8px solid transparent; transform: translateY(16px);\"><\/div>\n<div style=\" background-color: #F4F4F4; flex-grow: 0; height: 12px; width: 16px; transform: translateY(-4px);\"><\/div>\n<div style=\" width: 0; height: 0; border-top: 8px solid #F4F4F4; border-left: 8px solid transparent; transform: translateY(-4px) translateX(8px);\"><\/div>\n<\/div>\n<\/div>\n<div style=\"display: flex; flex-direction: column; flex-grow: 1; justify-content: center; margin-bottom: 24px;\">\n<div style=\" background-color: #F4F4F4; border-radius: 4px; flex-grow: 0; height: 14px; margin-bottom: 6px; width: 224px;\"><\/div>\n<div style=\" background-color: #F4F4F4; border-radius: 4px; flex-grow: 0; height: 14px; width: 144px;\"><\/div>\n<\/div>\n<p><\/a><\/p>\n<p style=\" color:#c9c8cd; font-family:Arial,sans-serif; font-size:14px; line-height:17px; margin-bottom:0; margin-top:8px; overflow:hidden; padding:8px 0 7px; text-align:center; text-overflow:ellipsis; white-space:nowrap;\"><a href=\"https:\/\/www.instagram.com\/reel\/C5N7WdrMqeW\/?utm_source=ig_embed&amp;utm_campaign=loading\" style=\" color:#c9c8cd; font-family:Arial,sans-serif; font-size:14px; font-style:normal; font-weight:normal; line-height:17px; text-decoration:none;\" target=\"_blank\" rel=\"noopener\">Une publication partag\u00e9e par Clases de franc\u00e9s con Paolita (@francesconpaolita)<\/a><\/p>\n<\/div>\n<\/blockquote>\n<p><script async src=\"\/\/www.instagram.com\/embed.js\"><\/script><\/p>\n\n\n\n<p><\/p>\n","protected":false},"excerpt":{"rendered":"<p>\u00bfPronto llegas a Francia y necesitas hablar franc\u00e9s f\u00e1cil y b\u00e1sico para hacerte entender? Aqu\u00ed te ofrezco gratis una gu\u00eda de 10 frases b\u00e1sico, especialmente creada para viajeros hispanohablantes. All\u00ed podr\u00e1s aprender a comunicarte en situaciones cotidianas como: Escribe tu correo electr\u00f3nico y te la env\u00edo ( no olvides revisar tus correos \u00abno deseados\u00bb). Si [&hellip;]<\/p>\n","protected":false},"author":2,"featured_media":0,"parent":0,"menu_order":0,"comment_status":"closed","ping_status":"closed","template":"","meta":{"content-type":"","jetpack_post_was_ever_published":false,"footnotes":""},"class_list":["post-1027","page","type-page","status-publish","hentry","has-post-thumbnail"],"yoast_head":"<!-- This site is optimized with the Yoast SEO plugin v25.2 - https:\/\/yoast.com\/wordpress\/plugins\/seo\/ -->\n<title>Gu\u00eda b\u00e1sica de franc\u00e9s- Hablar franc\u00e9s f\u00e1cil<\/title>\n<meta name=\"description\" content=\"Gu\u00eda de franc\u00e9s b\u00e1sico para viajeros hispanohablantes: habla franc\u00e9s, viaja por Francia, Canada o B\u00e9lgica. Descargala de manera gratuita.\" \/>\n<meta name=\"robots\" content=\"index, follow, max-snippet:-1, max-image-preview:large, max-video-preview:-1\" \/>\n<link rel=\"canonical\" href=\"https:\/\/travelerandexplorergirl.com\/index.php\/guiafrancesbasicoparaviajeros\/\" \/>\n<meta property=\"og:locale\" content=\"es_ES\" \/>\n<meta property=\"og:type\" content=\"article\" \/>\n<meta property=\"og:title\" content=\"Gu\u00eda b\u00e1sica de franc\u00e9s- Hablar franc\u00e9s f\u00e1cil\" \/>\n<meta property=\"og:description\" content=\"Gu\u00eda de franc\u00e9s b\u00e1sico para viajeros hispanohablantes: habla franc\u00e9s, viaja por Francia, Canada o B\u00e9lgica. Descargala de manera gratuita.\" \/>\n<meta property=\"og:url\" content=\"https:\/\/travelerandexplorergirl.com\/index.php\/guiafrancesbasicoparaviajeros\/\" \/>\n<meta property=\"og:site_name\" content=\"Traveler and Explorer Girl\" \/>\n<meta property=\"article:modified_time\" content=\"2024-11-01T20:15:52+00:00\" \/>\n<meta property=\"og:image\" content=\"https:\/\/travelerandexplorergirl.com\/wp-content\/uploads\/2023\/05\/aprende-frances-conmigo-travelerandexplorergirl-1.jpg\" \/>\n<meta name=\"twitter:card\" content=\"summary_large_image\" \/>\n<meta name=\"twitter:label1\" content=\"Tiempo de lectura\" \/>\n\t<meta name=\"twitter:data1\" content=\"1 minuto\" \/>\n<script type=\"application\/ld+json\" class=\"yoast-schema-graph\">{\"@context\":\"https:\/\/schema.org\",\"@graph\":[{\"@type\":\"WebPage\",\"@id\":\"https:\/\/travelerandexplorergirl.com\/index.php\/guiafrancesbasicoparaviajeros\/\",\"url\":\"https:\/\/travelerandexplorergirl.com\/index.php\/guiafrancesbasicoparaviajeros\/\",\"name\":\"Gu\u00eda b\u00e1sica de franc\u00e9s- Hablar franc\u00e9s f\u00e1cil\",\"isPartOf\":{\"@id\":\"https:\/\/travelerandexplorergirl.com\/#website\"},\"primaryImageOfPage\":{\"@id\":\"https:\/\/travelerandexplorergirl.com\/index.php\/guiafrancesbasicoparaviajeros\/#primaryimage\"},\"image\":{\"@id\":\"https:\/\/travelerandexplorergirl.com\/index.php\/guiafrancesbasicoparaviajeros\/#primaryimage\"},\"thumbnailUrl\":\"https:\/\/travelerandexplorergirl.com\/wp-content\/uploads\/2023\/05\/aprende-frances-conmigo-travelerandexplorergirl-1.jpg\",\"datePublished\":\"2024-02-12T18:53:55+00:00\",\"dateModified\":\"2024-11-01T20:15:52+00:00\",\"description\":\"Gu\u00eda de franc\u00e9s b\u00e1sico para viajeros hispanohablantes: habla franc\u00e9s, viaja por Francia, Canada o B\u00e9lgica. Descargala de manera gratuita.\",\"breadcrumb\":{\"@id\":\"https:\/\/travelerandexplorergirl.com\/index.php\/guiafrancesbasicoparaviajeros\/#breadcrumb\"},\"inLanguage\":\"es\",\"potentialAction\":[{\"@type\":\"ReadAction\",\"target\":[\"https:\/\/travelerandexplorergirl.com\/index.php\/guiafrancesbasicoparaviajeros\/\"]}]},{\"@type\":\"ImageObject\",\"inLanguage\":\"es\",\"@id\":\"https:\/\/travelerandexplorergirl.com\/index.php\/guiafrancesbasicoparaviajeros\/#primaryimage\",\"url\":\"https:\/\/i0.wp.com\/travelerandexplorergirl.com\/wp-content\/uploads\/2023\/05\/aprende-frances-conmigo-travelerandexplorergirl-1.jpg?fit=1000%2C750&ssl=1\",\"contentUrl\":\"https:\/\/i0.wp.com\/travelerandexplorergirl.com\/wp-content\/uploads\/2023\/05\/aprende-frances-conmigo-travelerandexplorergirl-1.jpg?fit=1000%2C750&ssl=1\",\"width\":1000,\"height\":750,\"caption\":\"aprendefrancesconpaolita-travelerandexplorergirl-guiadefrances-hablarfrances\"},{\"@type\":\"BreadcrumbList\",\"@id\":\"https:\/\/travelerandexplorergirl.com\/index.php\/guiafrancesbasicoparaviajeros\/#breadcrumb\",\"itemListElement\":[{\"@type\":\"ListItem\",\"position\":1,\"name\":\"Portada\",\"item\":\"https:\/\/travelerandexplorergirl.com\/\"},{\"@type\":\"ListItem\",\"position\":2,\"name\":\"Gu\u00eda de 10 frases en franc\u00e9s f\u00e1cil para viajeros hispanos.\"}]},{\"@type\":\"WebSite\",\"@id\":\"https:\/\/travelerandexplorergirl.com\/#website\",\"url\":\"https:\/\/travelerandexplorergirl.com\/\",\"name\":\"Traveler and Explorer Girl\",\"description\":\"Migraci\u00f3n a Francia, viajes y consejos de una latina en Francia.\",\"potentialAction\":[{\"@type\":\"SearchAction\",\"target\":{\"@type\":\"EntryPoint\",\"urlTemplate\":\"https:\/\/travelerandexplorergirl.com\/?s={search_term_string}\"},\"query-input\":{\"@type\":\"PropertyValueSpecification\",\"valueRequired\":true,\"valueName\":\"search_term_string\"}}],\"inLanguage\":\"es\"}]}<\/script>\n<!-- \/ Yoast SEO plugin. -->","yoast_head_json":{"title":"Gu\u00eda b\u00e1sica de franc\u00e9s- Hablar franc\u00e9s f\u00e1cil","description":"Gu\u00eda de franc\u00e9s b\u00e1sico para viajeros hispanohablantes: habla franc\u00e9s, viaja por Francia, Canada o B\u00e9lgica. Descargala de manera gratuita.","robots":{"index":"index","follow":"follow","max-snippet":"max-snippet:-1","max-image-preview":"max-image-preview:large","max-video-preview":"max-video-preview:-1"},"canonical":"https:\/\/travelerandexplorergirl.com\/index.php\/guiafrancesbasicoparaviajeros\/","og_locale":"es_ES","og_type":"article","og_title":"Gu\u00eda b\u00e1sica de franc\u00e9s- Hablar franc\u00e9s f\u00e1cil","og_description":"Gu\u00eda de franc\u00e9s b\u00e1sico para viajeros hispanohablantes: habla franc\u00e9s, viaja por Francia, Canada o B\u00e9lgica. Descargala de manera gratuita.","og_url":"https:\/\/travelerandexplorergirl.com\/index.php\/guiafrancesbasicoparaviajeros\/","og_site_name":"Traveler and Explorer Girl","article_modified_time":"2024-11-01T20:15:52+00:00","og_image":[{"url":"https:\/\/travelerandexplorergirl.com\/wp-content\/uploads\/2023\/05\/aprende-frances-conmigo-travelerandexplorergirl-1.jpg","type":"","width":"","height":""}],"twitter_card":"summary_large_image","twitter_misc":{"Tiempo de lectura":"1 minuto"},"schema":{"@context":"https:\/\/schema.org","@graph":[{"@type":"WebPage","@id":"https:\/\/travelerandexplorergirl.com\/index.php\/guiafrancesbasicoparaviajeros\/","url":"https:\/\/travelerandexplorergirl.com\/index.php\/guiafrancesbasicoparaviajeros\/","name":"Gu\u00eda b\u00e1sica de franc\u00e9s- Hablar franc\u00e9s f\u00e1cil","isPartOf":{"@id":"https:\/\/travelerandexplorergirl.com\/#website"},"primaryImageOfPage":{"@id":"https:\/\/travelerandexplorergirl.com\/index.php\/guiafrancesbasicoparaviajeros\/#primaryimage"},"image":{"@id":"https:\/\/travelerandexplorergirl.com\/index.php\/guiafrancesbasicoparaviajeros\/#primaryimage"},"thumbnailUrl":"https:\/\/travelerandexplorergirl.com\/wp-content\/uploads\/2023\/05\/aprende-frances-conmigo-travelerandexplorergirl-1.jpg","datePublished":"2024-02-12T18:53:55+00:00","dateModified":"2024-11-01T20:15:52+00:00","description":"Gu\u00eda de franc\u00e9s b\u00e1sico para viajeros hispanohablantes: habla franc\u00e9s, viaja por Francia, Canada o B\u00e9lgica. Descargala de manera gratuita.","breadcrumb":{"@id":"https:\/\/travelerandexplorergirl.com\/index.php\/guiafrancesbasicoparaviajeros\/#breadcrumb"},"inLanguage":"es","potentialAction":[{"@type":"ReadAction","target":["https:\/\/travelerandexplorergirl.com\/index.php\/guiafrancesbasicoparaviajeros\/"]}]},{"@type":"ImageObject","inLanguage":"es","@id":"https:\/\/travelerandexplorergirl.com\/index.php\/guiafrancesbasicoparaviajeros\/#primaryimage","url":"https:\/\/i0.wp.com\/travelerandexplorergirl.com\/wp-content\/uploads\/2023\/05\/aprende-frances-conmigo-travelerandexplorergirl-1.jpg?fit=1000%2C750&ssl=1","contentUrl":"https:\/\/i0.wp.com\/travelerandexplorergirl.com\/wp-content\/uploads\/2023\/05\/aprende-frances-conmigo-travelerandexplorergirl-1.jpg?fit=1000%2C750&ssl=1","width":1000,"height":750,"caption":"aprendefrancesconpaolita-travelerandexplorergirl-guiadefrances-hablarfrances"},{"@type":"BreadcrumbList","@id":"https:\/\/travelerandexplorergirl.com\/index.php\/guiafrancesbasicoparaviajeros\/#breadcrumb","itemListElement":[{"@type":"ListItem","position":1,"name":"Portada","item":"https:\/\/travelerandexplorergirl.com\/"},{"@type":"ListItem","position":2,"name":"Gu\u00eda de 10 frases en franc\u00e9s f\u00e1cil para viajeros hispanos."}]},{"@type":"WebSite","@id":"https:\/\/travelerandexplorergirl.com\/#website","url":"https:\/\/travelerandexplorergirl.com\/","name":"Traveler and Explorer Girl","description":"Migraci\u00f3n a Francia, viajes y consejos de una latina en Francia.","potentialAction":[{"@type":"SearchAction","target":{"@type":"EntryPoint","urlTemplate":"https:\/\/travelerandexplorergirl.com\/?s={search_term_string}"},"query-input":{"@type":"PropertyValueSpecification","valueRequired":true,"valueName":"search_term_string"}}],"inLanguage":"es"}]}},"jetpack-related-posts":[{"id":335,"url":"https:\/\/travelerandexplorergirl.com\/index.php\/aprende-frances-con-paolita\/","url_meta":{"origin":1027,"position":0},"title":"\u00a1Aprende franc\u00e9s con Paolita!","author":"Paola Moreno","date":"15 septiembre 2023","format":false,"excerpt":"Si est\u00e1s interesado(a) en vivir o estudiar en Francia, no dudes en elegir \"Aprende franc\u00e9s con Paolita\". O si simplemente quieres aprender franc\u00e9s, qu\u00e9date aqu\u00ed tambi\u00e9n y disfruta de mi contenido gratuito. Aprender franc\u00e9s para construir una nueva vida y gozar de nuevas oportunidades Da click en la siguiente imagen\u2026","rel":"","context":"Entrada similar","block_context":{"text":"Entrada similar","link":""},"img":{"alt_text":"aprendefrancesconmigo-torreeiffel-francia-paris-clasesfrances-frances","src":"https:\/\/i0.wp.com\/travelerandexplorergirl.com\/wp-content\/uploads\/2023\/05\/aprendefrancesconmigo-torreeiffel-francia-paris-clasesfrances-frances-1-scaled.jpg?fit=1200%2C900&ssl=1&resize=350%2C200","width":350,"height":200,"srcset":"https:\/\/i0.wp.com\/travelerandexplorergirl.com\/wp-content\/uploads\/2023\/05\/aprendefrancesconmigo-torreeiffel-francia-paris-clasesfrances-frances-1-scaled.jpg?fit=1200%2C900&ssl=1&resize=350%2C200 1x, https:\/\/i0.wp.com\/travelerandexplorergirl.com\/wp-content\/uploads\/2023\/05\/aprendefrancesconmigo-torreeiffel-francia-paris-clasesfrances-frances-1-scaled.jpg?fit=1200%2C900&ssl=1&resize=525%2C300 1.5x, https:\/\/i0.wp.com\/travelerandexplorergirl.com\/wp-content\/uploads\/2023\/05\/aprendefrancesconmigo-torreeiffel-francia-paris-clasesfrances-frances-1-scaled.jpg?fit=1200%2C900&ssl=1&resize=700%2C400 2x, https:\/\/i0.wp.com\/travelerandexplorergirl.com\/wp-content\/uploads\/2023\/05\/aprendefrancesconmigo-torreeiffel-francia-paris-clasesfrances-frances-1-scaled.jpg?fit=1200%2C900&ssl=1&resize=1050%2C600 3x"},"classes":[]},{"id":1280,"url":"https:\/\/travelerandexplorergirl.com\/","url_meta":{"origin":1027,"position":1},"title":"\u00a1Bienvenido a Francia!","author":"Paola Moreno","date":"23 julio 2024","format":false,"excerpt":"Migrar a Francia y viajar como mochiler@ por Europa: mis mejores consejos. Ayudar a la comunidad hispanohablante en el proceso de migraci\u00f3n a Francia es una de mis prioridades. Para comenzar, con consejos \u00fatiles de diversas tem\u00e1ticas para migrar a Francia: Trabajo, documentaci\u00f3n legal, estudios, conducci\u00f3n entre otros. Adem\u00e1s contribuyo\u2026","rel":"","context":"Entrada similar","block_context":{"text":"Entrada similar","link":""},"img":{"alt_text":"Guia10frasesfrancesviajeroshispanos- migraraFrancia","src":"https:\/\/i0.wp.com\/travelerandexplorergirl.com\/wp-content\/uploads\/2024\/08\/Mockup-Guia10frasesfrancesviajeroshispanos-GPMGDigital.png?resize=350%2C200&ssl=1","width":350,"height":200,"srcset":"https:\/\/i0.wp.com\/travelerandexplorergirl.com\/wp-content\/uploads\/2024\/08\/Mockup-Guia10frasesfrancesviajeroshispanos-GPMGDigital.png?resize=350%2C200&ssl=1 1x, https:\/\/i0.wp.com\/travelerandexplorergirl.com\/wp-content\/uploads\/2024\/08\/Mockup-Guia10frasesfrancesviajeroshispanos-GPMGDigital.png?resize=525%2C300&ssl=1 1.5x"},"classes":[]},{"id":462,"url":"https:\/\/travelerandexplorergirl.com\/index.php\/menciones-legales-mentions-legales\/","url_meta":{"origin":1027,"position":2},"title":"Menciones Legales\/ Mentions L\u00e9gales","author":"Paola","date":"4 marzo 2023","format":false,"excerpt":"1 - \u00c9dition du site En vertu de\u00a0l'article 6 de la loi n\u00b0 2004-575 du 21 juin 2004\u00a0pour la confiance dans l'\u00e9conomie num\u00e9rique, il est pr\u00e9cis\u00e9 aux utilisateurs du site internet\u00a0 https:\/\/www.travelerandexplorergirl.com\u00a0l'identit\u00e9 des diff\u00e9rents intervenants dans le cadre de sa r\u00e9alisation et de son suivi: Propri\u00e9taire du site :\u00a0GPMG Digital\u00a0\u2026","rel":"","context":"Entrada similar","block_context":{"text":"Entrada similar","link":""},"img":{"alt_text":"","src":"","width":0,"height":0},"classes":[]}],"jetpack_sharing_enabled":true,"_links":{"self":[{"href":"https:\/\/travelerandexplorergirl.com\/index.php\/wp-json\/wp\/v2\/pages\/1027","targetHints":{"allow":["GET"]}}],"collection":[{"href":"https:\/\/travelerandexplorergirl.com\/index.php\/wp-json\/wp\/v2\/pages"}],"about":[{"href":"https:\/\/travelerandexplorergirl.com\/index.php\/wp-json\/wp\/v2\/types\/page"}],"author":[{"embeddable":true,"href":"https:\/\/travelerandexplorergirl.com\/index.php\/wp-json\/wp\/v2\/users\/2"}],"replies":[{"embeddable":true,"href":"https:\/\/travelerandexplorergirl.com\/index.php\/wp-json\/wp\/v2\/comments?post=1027"}],"version-history":[{"count":113,"href":"https:\/\/travelerandexplorergirl.com\/index.php\/wp-json\/wp\/v2\/pages\/1027\/revisions"}],"predecessor-version":[{"id":1624,"href":"https:\/\/travelerandexplorergirl.com\/index.php\/wp-json\/wp\/v2\/pages\/1027\/revisions\/1624"}],"wp:attachment":[{"href":"https:\/\/travelerandexplorergirl.com\/index.php\/wp-json\/wp\/v2\/media?parent=1027"}],"curies":[{"name":"wp","href":"https:\/\/api.w.org\/{rel}","templated":true}]}}