{"id":462,"date":"2023-03-04T20:31:05","date_gmt":"2023-03-04T19:31:05","guid":{"rendered":"https:\/\/travelerandexplorergirl.com\/?page_id=462"},"modified":"2023-03-04T20:43:49","modified_gmt":"2023-03-04T19:43:49","slug":"menciones-legales-mentions-legales","status":"publish","type":"page","link":"https:\/\/travelerandexplorergirl.com\/index.php\/menciones-legales-mentions-legales\/","title":{"rendered":"Menciones Legales\/ Mentions L\u00e9gales"},"content":{"rendered":"\n<h2 class=\"wp-block-heading\">1 &#8211; \u00c9dition du site<\/h2>\n\n\n\n<p>En vertu de\u00a0<a rel=\"noreferrer noopener\" href=\"https:\/\/www.legifrance.gouv.fr\/affichTexte.do?cidTexte=JORFTEXT000000801164#LEGIARTI000042038977\" target=\"_blank\">l&#8217;article 6 de la loi n\u00b0 2004-575 du 21 juin 2004<\/a>\u00a0pour la confiance dans l&#8217;\u00e9conomie num\u00e9rique, il est pr\u00e9cis\u00e9 aux utilisateurs du site internet\u00a0 <strong>https:\/\/www.travelerandexplorergirl.com<\/strong>\u00a0l&#8217;identit\u00e9 des diff\u00e9rents intervenants dans le cadre de sa r\u00e9alisation et de son suivi:<\/p>\n\n\n\n<p><strong>Propri\u00e9taire du site :\u00a0<\/strong>GPMG Digital\u00a0<\/p>\n\n\n\n<p>Contact :\u00a0paolamoreno@myyahoo.com\u00a0<\/p>\n\n\n\n<p>Tel: 09 50 52 56 09\u00a0<\/p>\n\n\n\n<p> Adresse :\u00a07 Avenue d&#8217;Argenteuil 95870 Bezons.<\/p>\n\n\n\n<p><strong>Identification de l&#8217;entreprise :<\/strong>\u00a0GPMG Digital\u00a0au capital social de\u00a0\u20ac &#8211; SIREN :\u00a0&#8211; RCS ou RM :\u00a0<\/p>\n\n\n\n<p>&#8211; Adresse postale :\u00a07 Avenue d&#8217;Argenteuil 95870 Bezons\u00a0&#8211;<\/p>\n\n\n\n<p><strong>Directeur de la publication :\u00a0<\/strong>Paola Moreno<\/p>\n\n\n\n<p>\u00a0&#8211; Contact :\u00a0paolamoreno@myyahoo.com.<\/p>\n\n\n\n<p><strong>H\u00e9bergeur :<\/strong>&nbsp;OVH SAS &#8211; 2 rue Kellermann &#8211; BP 80157 &#8211; 59053 Roubaix Cedex 1 &#8211; T\u00e9l\u00e9phone : 1007<\/p>\n\n\n\n<p><strong>D\u00e9l\u00e9gu\u00e9 \u00e0 la protection des donn\u00e9es :&nbsp;<\/strong>Paola Moreno&nbsp;&#8211;&nbsp;paolamoreno@myyahoo.com<\/p>\n\n\n\n<p><\/p>\n\n\n\n<hr class=\"wp-block-separator has-alpha-channel-opacity\"\/>\n\n\n\n<h2 class=\"wp-block-heading\">2 &#8211; Propri\u00e9t\u00e9 intellectuelle et contrefa\u00e7ons.<\/h2>\n\n\n\n<p><strong>GPMG Digital<\/strong>&nbsp;est propri\u00e9taire des droits de propri\u00e9t\u00e9 intellectuelle et d\u00e9tient les droits d\u2019usage sur tous les \u00e9l\u00e9ments accessibles sur le site internet, notamment les textes, images, graphismes, logos, vid\u00e9os, architecture, ic\u00f4nes et sons.<\/p>\n\n\n\n<p>Toute reproduction, repr\u00e9sentation, modification, publication, adaptation de tout ou partie des \u00e9l\u00e9ments du site, quel que soit le moyen ou le proc\u00e9d\u00e9 utilis\u00e9, est interdite, sauf autorisation \u00e9crite pr\u00e9alable de&nbsp;<strong>GPMG Digital<\/strong>.<\/p>\n\n\n\n<p>Toute exploitation non autoris\u00e9e du site ou de l\u2019un quelconque des \u00e9l\u00e9ments qu\u2019il contient sera consid\u00e9r\u00e9e comme constitutive d\u2019une contrefa\u00e7on et poursuivie conform\u00e9ment aux dispositions des articles&nbsp;<a href=\"https:\/\/www.legifrance.gouv.fr\/affichCodeArticle.do?idArticle=LEGIARTI000032655082&amp;cidTexte=LEGITEXT000006069414&amp;dateTexte=20160605\" target=\"_blank\" rel=\"noreferrer noopener\">L.335-2 et suivants du Code de Propri\u00e9t\u00e9 Intellectuelle<\/a>.<\/p>\n\n\n\n<hr class=\"wp-block-separator has-alpha-channel-opacity\"\/>\n\n\n\n<h2 class=\"wp-block-heading\">3 &#8211; Limitations de responsabilit\u00e9.<\/h2>\n\n\n\n<p><strong>GPMG Digital<\/strong>&nbsp;ne pourra \u00eatre tenu pour responsable des dommages directs et indirects caus\u00e9s au mat\u00e9riel de l\u2019utilisateur, lors de l\u2019acc\u00e8s au site&nbsp;<strong>https:\/\/www.travelerandexplorergirl.com<\/strong>.<\/p>\n\n\n\n<p><strong>GPMG Digital<\/strong>&nbsp;d\u00e9cline toute responsabilit\u00e9 quant \u00e0 l\u2019utilisation qui pourrait \u00eatre faite des informations et contenus pr\u00e9sents sur&nbsp;<strong>https:\/\/www.travelerandexplorergirl.com<\/strong>.<\/p>\n\n\n\n<p><strong>GPMG Digital<\/strong>&nbsp;s\u2019engage \u00e0 s\u00e9curiser au mieux le site&nbsp;<strong>https:\/\/www.travelerandexplorergirl.com<\/strong>, cependant sa responsabilit\u00e9 ne pourra \u00eatre mise en cause si des donn\u00e9es ind\u00e9sirables sont import\u00e9es et install\u00e9es sur son site \u00e0 son insu.<\/p>\n\n\n\n<p>Des espaces interactifs (espace contact ou commentaires) sont \u00e0 la disposition des utilisateurs.&nbsp;<strong>GPMG Digital<\/strong>&nbsp;se r\u00e9serve le droit de supprimer, sans mise en demeure pr\u00e9alable, tout contenu d\u00e9pos\u00e9 dans cet espace qui contreviendrait \u00e0 la l\u00e9gislation applicable en France, en particulier aux dispositions relatives \u00e0 la protection des donn\u00e9es.<\/p>\n\n\n\n<p>Le cas \u00e9ch\u00e9ant,&nbsp;<strong>GPMG Digital<\/strong>&nbsp;se r\u00e9serve \u00e9galement la possibilit\u00e9 de mettre en cause la responsabilit\u00e9 civile et\/ou p\u00e9nale de l\u2019utilisateur, notamment en cas de message \u00e0 caract\u00e8re raciste, injurieux, diffamant, ou pornographique, quel que soit le support utilis\u00e9 (texte, photographie \u2026).<\/p>\n\n\n\n<hr class=\"wp-block-separator has-alpha-channel-opacity\"\/>\n\n\n\n<h2 class=\"wp-block-heading\">4 &#8211; CNIL et gestion des donn\u00e9es personnelles.<\/h2>\n\n\n\n<p>Conform\u00e9ment aux dispositions de&nbsp;<a href=\"https:\/\/www.legifrance.gouv.fr\/affichTexte.do?cidTexte=JORFTEXT000000886460\" target=\"_blank\" rel=\"noreferrer noopener\">la loi 78-17 du 6 janvier 1978 modifi\u00e9e<\/a>, l\u2019utilisateur du site&nbsp;<strong>https:\/\/www.travelerandexplorergirl.com<\/strong>&nbsp;dispose d\u2019un droit d\u2019acc\u00e8s, de modification et de suppression des informations collect\u00e9es. Pour exercer ce droit, envoyez un message \u00e0 notre D\u00e9l\u00e9gu\u00e9 \u00e0 la Protection des Donn\u00e9es :&nbsp;<strong>Paola Moreno<\/strong>&nbsp;&#8211;&nbsp;<strong>paolamoreno@myyahoo.com<\/strong>.<\/p>\n\n\n\n<p>Pour plus d&#8217;informations sur la fa\u00e7on dont nous traitons vos donn\u00e9es (type de donn\u00e9es, finalit\u00e9, destinataire&#8230;), lisez notre\u00a0<strong>https:\/\/travelerandexplorergirl.com\/index.php\/menciones-legales-mentions-legales\/<\/strong>.\u00a0Politique de confidentialit\u00e9: https:\/\/travelerandexplorergirl.com\/index.php\/politique-de-confidentialite\/<\/p>\n\n\n\n<p><\/p>\n\n\n\n<hr class=\"wp-block-separator has-alpha-channel-opacity\"\/>\n\n\n\n<h2 class=\"wp-block-heading\">5 &#8211; Liens hypertextes et cookies<\/h2>\n\n\n\n<p>Le site&nbsp;<strong>https:\/\/www.travelerandexplorergirl.com<\/strong>&nbsp;contient des liens hypertextes vers d\u2019autres sites et d\u00e9gage toute responsabilit\u00e9 \u00e0 propos de ces liens externes ou des liens cr\u00e9\u00e9s par d\u2019autres sites vers&nbsp;<strong>https:\/\/www.travelerandexplorergirl.com<\/strong>.<\/p>\n\n\n\n<p>La navigation sur le site&nbsp;<strong>https:\/\/www.travelerandexplorergirl.com<\/strong>&nbsp;est susceptible de provoquer l\u2019installation de cookie(s) sur l\u2019ordinateur de l\u2019utilisateur.<\/p>\n\n\n\n<p>Un \u00abcookie\u00bb est un fichier de petite taille qui enregistre des informations relatives \u00e0 la navigation d\u2019un utilisateur sur un site. Les donn\u00e9es ainsi obtenues permettent d&#8217;obtenir des mesures de fr\u00e9quentation, par exemple.<\/p>\n\n\n\n<p>Vous avez la possibilit\u00e9&nbsp;<strong>d\u2019accepter ou de refuser les cookies<\/strong>&nbsp;en modifiant les param\u00e8tres de votre navigateur. Aucun cookie ne sera d\u00e9pos\u00e9 sans votre consentement.<\/p>\n\n\n\n<p>Les cookies sont enregistr\u00e9s pour une dur\u00e9e maximale de&nbsp;12&nbsp;mois.<\/p>\n\n\n\n<p>Pour plus d&#8217;informations sur la fa\u00e7on dont nous faisons usage des cookies, lisez notre\u00a0<strong>https:\/\/travelerandexplorergirl.com\/index.php\/menciones-legales-mentions-legales\/<\/strong>.\u00a0<\/p>\n\n\n\n<hr class=\"wp-block-separator has-alpha-channel-opacity\"\/>\n\n\n\n<h2 class=\"wp-block-heading\">6 &#8211; Droit applicable et attribution de juridiction.<\/h2>\n\n\n\n<p>Tout litige en relation avec l\u2019utilisation du site&nbsp;<strong>https:\/\/www.travelerandexplorergirl.com<\/strong>&nbsp;est soumis au droit fran\u00e7ais. En dehors des cas o\u00f9 la loi ne le permet pas, il est fait attribution exclusive de juridiction aux tribunaux comp\u00e9tents de&nbsp;<strong>Tribunal de grande instance Cergy<\/strong>.<\/p>\n","protected":false},"excerpt":{"rendered":"<p>1 &#8211; \u00c9dition du site En vertu de\u00a0l&#8217;article 6 de la loi n\u00b0 2004-575 du 21 juin 2004\u00a0pour la confiance dans l&#8217;\u00e9conomie num\u00e9rique, il est pr\u00e9cis\u00e9 aux utilisateurs du site internet\u00a0 https:\/\/www.travelerandexplorergirl.com\u00a0l&#8217;identit\u00e9 des diff\u00e9rents intervenants dans le cadre de sa r\u00e9alisation et de son suivi: Propri\u00e9taire du site :\u00a0GPMG Digital\u00a0 Contact :\u00a0paolamoreno@myyahoo.com\u00a0 Tel: 09 50 [&hellip;]<\/p>\n","protected":false},"author":1,"featured_media":0,"parent":0,"menu_order":0,"comment_status":"closed","ping_status":"closed","template":"","meta":{"content-type":"","jetpack_post_was_ever_published":false,"footnotes":""},"class_list":["post-462","page","type-page","status-publish","hentry"],"yoast_head":"<!-- This site is optimized with the Yoast SEO plugin v25.2 - https:\/\/yoast.com\/wordpress\/plugins\/seo\/ -->\n<title>Menciones Legales\/ Mentions L\u00e9gales - Traveler and Explorer Girl<\/title>\n<meta name=\"robots\" content=\"index, follow, max-snippet:-1, max-image-preview:large, max-video-preview:-1\" \/>\n<link rel=\"canonical\" href=\"https:\/\/travelerandexplorergirl.com\/index.php\/menciones-legales-mentions-legales\/\" \/>\n<meta property=\"og:locale\" content=\"es_ES\" \/>\n<meta property=\"og:type\" content=\"article\" \/>\n<meta property=\"og:title\" content=\"Menciones Legales\/ Mentions L\u00e9gales - Traveler and Explorer Girl\" \/>\n<meta property=\"og:description\" content=\"1 &#8211; \u00c9dition du site En vertu de\u00a0l&#8217;article 6 de la loi n\u00b0 2004-575 du 21 juin 2004\u00a0pour la confiance dans l&#8217;\u00e9conomie num\u00e9rique, il est pr\u00e9cis\u00e9 aux utilisateurs du site internet\u00a0 https:\/\/www.travelerandexplorergirl.com\u00a0l&#8217;identit\u00e9 des diff\u00e9rents intervenants dans le cadre de sa r\u00e9alisation et de son suivi: Propri\u00e9taire du site :\u00a0GPMG Digital\u00a0 Contact :\u00a0paolamoreno@myyahoo.com\u00a0 Tel: 09 50 [&hellip;]\" \/>\n<meta property=\"og:url\" content=\"https:\/\/travelerandexplorergirl.com\/index.php\/menciones-legales-mentions-legales\/\" \/>\n<meta property=\"og:site_name\" content=\"Traveler and Explorer Girl\" \/>\n<meta property=\"article:modified_time\" content=\"2023-03-04T19:43:49+00:00\" \/>\n<meta name=\"twitter:card\" content=\"summary_large_image\" \/>\n<meta name=\"twitter:label1\" content=\"Tiempo de lectura\" \/>\n\t<meta name=\"twitter:data1\" content=\"4 minutos\" \/>\n<script type=\"application\/ld+json\" class=\"yoast-schema-graph\">{\"@context\":\"https:\/\/schema.org\",\"@graph\":[{\"@type\":\"WebPage\",\"@id\":\"https:\/\/travelerandexplorergirl.com\/index.php\/menciones-legales-mentions-legales\/\",\"url\":\"https:\/\/travelerandexplorergirl.com\/index.php\/menciones-legales-mentions-legales\/\",\"name\":\"Menciones Legales\/ Mentions L\u00e9gales - Traveler and Explorer Girl\",\"isPartOf\":{\"@id\":\"https:\/\/travelerandexplorergirl.com\/#website\"},\"datePublished\":\"2023-03-04T19:31:05+00:00\",\"dateModified\":\"2023-03-04T19:43:49+00:00\",\"breadcrumb\":{\"@id\":\"https:\/\/travelerandexplorergirl.com\/index.php\/menciones-legales-mentions-legales\/#breadcrumb\"},\"inLanguage\":\"es\",\"potentialAction\":[{\"@type\":\"ReadAction\",\"target\":[\"https:\/\/travelerandexplorergirl.com\/index.php\/menciones-legales-mentions-legales\/\"]}]},{\"@type\":\"BreadcrumbList\",\"@id\":\"https:\/\/travelerandexplorergirl.com\/index.php\/menciones-legales-mentions-legales\/#breadcrumb\",\"itemListElement\":[{\"@type\":\"ListItem\",\"position\":1,\"name\":\"Portada\",\"item\":\"https:\/\/travelerandexplorergirl.com\/\"},{\"@type\":\"ListItem\",\"position\":2,\"name\":\"Menciones Legales\/ Mentions L\u00e9gales\"}]},{\"@type\":\"WebSite\",\"@id\":\"https:\/\/travelerandexplorergirl.com\/#website\",\"url\":\"https:\/\/travelerandexplorergirl.com\/\",\"name\":\"Traveler and Explorer Girl\",\"description\":\"Migraci\u00f3n a Francia, viajes y consejos de una latina en Francia.\",\"potentialAction\":[{\"@type\":\"SearchAction\",\"target\":{\"@type\":\"EntryPoint\",\"urlTemplate\":\"https:\/\/travelerandexplorergirl.com\/?s={search_term_string}\"},\"query-input\":{\"@type\":\"PropertyValueSpecification\",\"valueRequired\":true,\"valueName\":\"search_term_string\"}}],\"inLanguage\":\"es\"}]}<\/script>\n<!-- \/ Yoast SEO plugin. -->","yoast_head_json":{"title":"Menciones Legales\/ Mentions L\u00e9gales - Traveler and Explorer Girl","robots":{"index":"index","follow":"follow","max-snippet":"max-snippet:-1","max-image-preview":"max-image-preview:large","max-video-preview":"max-video-preview:-1"},"canonical":"https:\/\/travelerandexplorergirl.com\/index.php\/menciones-legales-mentions-legales\/","og_locale":"es_ES","og_type":"article","og_title":"Menciones Legales\/ Mentions L\u00e9gales - Traveler and Explorer Girl","og_description":"1 &#8211; \u00c9dition du site En vertu de\u00a0l&#8217;article 6 de la loi n\u00b0 2004-575 du 21 juin 2004\u00a0pour la confiance dans l&#8217;\u00e9conomie num\u00e9rique, il est pr\u00e9cis\u00e9 aux utilisateurs du site internet\u00a0 https:\/\/www.travelerandexplorergirl.com\u00a0l&#8217;identit\u00e9 des diff\u00e9rents intervenants dans le cadre de sa r\u00e9alisation et de son suivi: Propri\u00e9taire du site :\u00a0GPMG Digital\u00a0 Contact :\u00a0paolamoreno@myyahoo.com\u00a0 Tel: 09 50 [&hellip;]","og_url":"https:\/\/travelerandexplorergirl.com\/index.php\/menciones-legales-mentions-legales\/","og_site_name":"Traveler and Explorer Girl","article_modified_time":"2023-03-04T19:43:49+00:00","twitter_card":"summary_large_image","twitter_misc":{"Tiempo de lectura":"4 minutos"},"schema":{"@context":"https:\/\/schema.org","@graph":[{"@type":"WebPage","@id":"https:\/\/travelerandexplorergirl.com\/index.php\/menciones-legales-mentions-legales\/","url":"https:\/\/travelerandexplorergirl.com\/index.php\/menciones-legales-mentions-legales\/","name":"Menciones Legales\/ Mentions L\u00e9gales - Traveler and Explorer Girl","isPartOf":{"@id":"https:\/\/travelerandexplorergirl.com\/#website"},"datePublished":"2023-03-04T19:31:05+00:00","dateModified":"2023-03-04T19:43:49+00:00","breadcrumb":{"@id":"https:\/\/travelerandexplorergirl.com\/index.php\/menciones-legales-mentions-legales\/#breadcrumb"},"inLanguage":"es","potentialAction":[{"@type":"ReadAction","target":["https:\/\/travelerandexplorergirl.com\/index.php\/menciones-legales-mentions-legales\/"]}]},{"@type":"BreadcrumbList","@id":"https:\/\/travelerandexplorergirl.com\/index.php\/menciones-legales-mentions-legales\/#breadcrumb","itemListElement":[{"@type":"ListItem","position":1,"name":"Portada","item":"https:\/\/travelerandexplorergirl.com\/"},{"@type":"ListItem","position":2,"name":"Menciones Legales\/ Mentions L\u00e9gales"}]},{"@type":"WebSite","@id":"https:\/\/travelerandexplorergirl.com\/#website","url":"https:\/\/travelerandexplorergirl.com\/","name":"Traveler and Explorer Girl","description":"Migraci\u00f3n a Francia, viajes y consejos de una latina en Francia.","potentialAction":[{"@type":"SearchAction","target":{"@type":"EntryPoint","urlTemplate":"https:\/\/travelerandexplorergirl.com\/?s={search_term_string}"},"query-input":{"@type":"PropertyValueSpecification","valueRequired":true,"valueName":"search_term_string"}}],"inLanguage":"es"}]}},"jetpack-related-posts":[{"id":3,"url":"https:\/\/travelerandexplorergirl.com\/index.php\/politique-de-confidentialite\/","url_meta":{"origin":462,"position":0},"title":"Pol\u00edtica de Confidencialidad\/Politique de confidentialit\u00e9","author":"Paola","date":"24 noviembre 2022","format":false,"excerpt":"Qui sommes-nous\u00a0? L\u2019adresse de notre site est\u00a0: http:\/\/travelerandexplorergirl.com. Commentaires Quand vous laissez un commentaire sur notre site, les donn\u00e9es inscrites dans le formulaire de commentaire, ainsi que votre adresse IP et l\u2019agent utilisateur de votre navigateur sont collect\u00e9s pour nous aider \u00e0 la d\u00e9tection des commentaires ind\u00e9sirables. Une cha\u00eene anonymis\u00e9e\u2026","rel":"","context":"Entrada similar","block_context":{"text":"Entrada similar","link":""},"img":{"alt_text":"","src":"","width":0,"height":0},"classes":[]},{"id":6,"url":"https:\/\/travelerandexplorergirl.com\/index.php\/howiam\/","url_meta":{"origin":462,"position":1},"title":"\u00bfQui\u00e9n soy yo?\/Qui suis je ?","author":"Paola","date":"26 marzo 2013","format":false,"excerpt":"Hola a todos: Soy una chica colombiana a quien le encanta viajar, visitar nuevos lugares, probar nuevas cosas y aprender de las diferencias culturales. Me considero una mujer de mente abierta, a quien le encanta aprender y ser mejor cada d\u00eda que pasa. En b\u00fasqueda del sentido de mi vida,\u2026","rel":"","context":"Entrada similar","block_context":{"text":"Entrada similar","link":""},"img":{"alt_text":"travelerandexplorergirl-presentacion-quiensoyyo","src":"https:\/\/i0.wp.com\/travelerandexplorergirl.com\/wp-content\/uploads\/2020\/08\/img_2060-scaled.jpg?resize=350%2C200&ssl=1","width":350,"height":200,"srcset":"https:\/\/i0.wp.com\/travelerandexplorergirl.com\/wp-content\/uploads\/2020\/08\/img_2060-scaled.jpg?resize=350%2C200&ssl=1 1x, https:\/\/i0.wp.com\/travelerandexplorergirl.com\/wp-content\/uploads\/2020\/08\/img_2060-scaled.jpg?resize=525%2C300&ssl=1 1.5x, https:\/\/i0.wp.com\/travelerandexplorergirl.com\/wp-content\/uploads\/2020\/08\/img_2060-scaled.jpg?resize=700%2C400&ssl=1 2x, https:\/\/i0.wp.com\/travelerandexplorergirl.com\/wp-content\/uploads\/2020\/08\/img_2060-scaled.jpg?resize=1050%2C600&ssl=1 3x, https:\/\/i0.wp.com\/travelerandexplorergirl.com\/wp-content\/uploads\/2020\/08\/img_2060-scaled.jpg?resize=1400%2C800&ssl=1 4x"},"classes":[]},{"id":1280,"url":"https:\/\/travelerandexplorergirl.com\/","url_meta":{"origin":462,"position":2},"title":"\u00a1Bienvenido a Francia!","author":"Paola Moreno","date":"23 julio 2024","format":false,"excerpt":"Migrar a Francia y viajar como mochiler@ por Europa: mis mejores consejos. Ayudar a la comunidad hispanohablante en el proceso de migraci\u00f3n a Francia es una de mis prioridades. Para comenzar, con consejos \u00fatiles de diversas tem\u00e1ticas para migrar a Francia: Trabajo, documentaci\u00f3n legal, estudios, conducci\u00f3n entre otros. Adem\u00e1s contribuyo\u2026","rel":"","context":"Entrada similar","block_context":{"text":"Entrada similar","link":""},"img":{"alt_text":"Guia10frasesfrancesviajeroshispanos- migraraFrancia","src":"https:\/\/i0.wp.com\/travelerandexplorergirl.com\/wp-content\/uploads\/2024\/08\/Mockup-Guia10frasesfrancesviajeroshispanos-GPMGDigital.png?resize=350%2C200&ssl=1","width":350,"height":200,"srcset":"https:\/\/i0.wp.com\/travelerandexplorergirl.com\/wp-content\/uploads\/2024\/08\/Mockup-Guia10frasesfrancesviajeroshispanos-GPMGDigital.png?resize=350%2C200&ssl=1 1x, https:\/\/i0.wp.com\/travelerandexplorergirl.com\/wp-content\/uploads\/2024\/08\/Mockup-Guia10frasesfrancesviajeroshispanos-GPMGDigital.png?resize=525%2C300&ssl=1 1.5x"},"classes":[]}],"jetpack_sharing_enabled":true,"_links":{"self":[{"href":"https:\/\/travelerandexplorergirl.com\/index.php\/wp-json\/wp\/v2\/pages\/462","targetHints":{"allow":["GET"]}}],"collection":[{"href":"https:\/\/travelerandexplorergirl.com\/index.php\/wp-json\/wp\/v2\/pages"}],"about":[{"href":"https:\/\/travelerandexplorergirl.com\/index.php\/wp-json\/wp\/v2\/types\/page"}],"author":[{"embeddable":true,"href":"https:\/\/travelerandexplorergirl.com\/index.php\/wp-json\/wp\/v2\/users\/1"}],"replies":[{"embeddable":true,"href":"https:\/\/travelerandexplorergirl.com\/index.php\/wp-json\/wp\/v2\/comments?post=462"}],"version-history":[{"count":4,"href":"https:\/\/travelerandexplorergirl.com\/index.php\/wp-json\/wp\/v2\/pages\/462\/revisions"}],"predecessor-version":[{"id":466,"href":"https:\/\/travelerandexplorergirl.com\/index.php\/wp-json\/wp\/v2\/pages\/462\/revisions\/466"}],"wp:attachment":[{"href":"https:\/\/travelerandexplorergirl.com\/index.php\/wp-json\/wp\/v2\/media?parent=462"}],"curies":[{"name":"wp","href":"https:\/\/api.w.org\/{rel}","templated":true}]}}