{"id":6,"date":"2013-03-26T04:34:55","date_gmt":"2013-03-26T04:34:55","guid":{"rendered":"http:\/\/travelerandexplorergirl.wordpress.com\/?page_id=1"},"modified":"2023-05-25T23:52:28","modified_gmt":"2023-05-25T21:52:28","slug":"howiam","status":"publish","type":"page","link":"https:\/\/travelerandexplorergirl.com\/index.php\/howiam\/","title":{"rendered":"\u00bfQui\u00e9n soy yo?\/Qui suis je ?"},"content":{"rendered":"<div class=\"wp-block-image\">\n<figure class=\"aligncenter size-medium\"><img data-recalc-dims=\"1\" fetchpriority=\"high\" decoding=\"async\" width=\"225\" height=\"300\" src=\"https:\/\/i0.wp.com\/travelerandexplorergirl.com\/wp-content\/uploads\/2020\/08\/img_2060.jpg?resize=225%2C300&#038;ssl=1\" alt=\"\" class=\"wp-image-246\" srcset=\"https:\/\/i0.wp.com\/travelerandexplorergirl.com\/wp-content\/uploads\/2020\/08\/img_2060-scaled.jpg?resize=225%2C300&amp;ssl=1 225w, https:\/\/i0.wp.com\/travelerandexplorergirl.com\/wp-content\/uploads\/2020\/08\/img_2060-scaled.jpg?resize=768%2C1024&amp;ssl=1 768w, https:\/\/i0.wp.com\/travelerandexplorergirl.com\/wp-content\/uploads\/2020\/08\/img_2060-scaled.jpg?resize=1152%2C1536&amp;ssl=1 1152w, https:\/\/i0.wp.com\/travelerandexplorergirl.com\/wp-content\/uploads\/2020\/08\/img_2060-scaled.jpg?resize=1536%2C2048&amp;ssl=1 1536w, https:\/\/i0.wp.com\/travelerandexplorergirl.com\/wp-content\/uploads\/2020\/08\/img_2060-scaled.jpg?w=1920&amp;ssl=1 1920w\" sizes=\"(max-width: 225px) 100vw, 225px\" \/><\/figure>\n<\/div>\n\n\n<p>Hola a todos:<\/p>\n\n\n\n<p>Soy una chica colombiana a quien le encanta viajar, visitar nuevos lugares, probar nuevas cosas y aprender de las diferencias culturales. Me considero una mujer de mente abierta, a quien le encanta aprender y ser mejor cada d\u00eda que pasa. En b\u00fasqueda del sentido de mi vida, mis d\u00edas se dividen entre mi trabajo como profesora de Espa\u00f1ol, mi vida de adulta joven con mis amigos, mis momentos de soledad, as\u00ed como de largos o cortos viajes tanto a alrededor del mundo como a lugares a algunos minutos de mi casa. <\/p>\n\n\n\n<p>Gracias a este blog, les quiero compartir un pedacito de mi vida, de mis experiencias, de lo que he vivido, de lo que vivo, de lo me gusta y de lo que siento. Quiero invitarlos a descubrir, a trav\u00e9s de mi prisma y de mis experiencias la mayor\u00eda de las veces viajando sola, lugares maravillosos y encontrar aqu\u00ed consejos y opiniones. Hace casi una d\u00e9cada que decidi vivir en Francia y quiero tambi\u00e9n compartirles mi experiencia, contribuir con mis consejos y an\u00e9cdotas a todas aquellas personas que lo deseen o necesiten.<\/p>\n\n\n\n<p>No duden en seguirme en mis redes sociales o escribirme lo que piensan sobre mis redacciones, mis fotos, hacerme preguntas o aconsejarme de manera constructiva.\u00a0<\/p>\n\n\n\n<p>iQue tengan un lindo d\u00eda!<\/p>\n\n\n\n<ul class=\"wp-block-social-links is-layout-flex wp-block-social-links-is-layout-flex\"><li class=\"wp-social-link wp-social-link-facebook  wp-block-social-link\"><a href=\"https:\/\/www.facebook.com\/Travelerandexplorergirl\" class=\"wp-block-social-link-anchor\"><svg width=\"24\" height=\"24\" viewBox=\"0 0 24 24\" version=\"1.1\" xmlns=\"http:\/\/www.w3.org\/2000\/svg\" aria-hidden=\"true\" focusable=\"false\"><path d=\"M12 2C6.5 2 2 6.5 2 12c0 5 3.7 9.1 8.4 9.9v-7H7.9V12h2.5V9.8c0-2.5 1.5-3.9 3.8-3.9 1.1 0 2.2.2 2.2.2v2.5h-1.3c-1.2 0-1.6.8-1.6 1.6V12h2.8l-.4 2.9h-2.3v7C18.3 21.1 22 17 22 12c0-5.5-4.5-10-10-10z\"><\/path><\/svg><span class=\"wp-block-social-link-label screen-reader-text\">Facebook<\/span><\/a><\/li>\n\n<li class=\"wp-social-link wp-social-link-instagram  wp-block-social-link\"><a href=\"https:\/\/www.instagram.com\/paomg18\/\" class=\"wp-block-social-link-anchor\"><svg width=\"24\" height=\"24\" viewBox=\"0 0 24 24\" version=\"1.1\" xmlns=\"http:\/\/www.w3.org\/2000\/svg\" aria-hidden=\"true\" focusable=\"false\"><path d=\"M12,4.622c2.403,0,2.688,0.009,3.637,0.052c0.877,0.04,1.354,0.187,1.671,0.31c0.42,0.163,0.72,0.358,1.035,0.673 c0.315,0.315,0.51,0.615,0.673,1.035c0.123,0.317,0.27,0.794,0.31,1.671c0.043,0.949,0.052,1.234,0.052,3.637 s-0.009,2.688-0.052,3.637c-0.04,0.877-0.187,1.354-0.31,1.671c-0.163,0.42-0.358,0.72-0.673,1.035 c-0.315,0.315-0.615,0.51-1.035,0.673c-0.317,0.123-0.794,0.27-1.671,0.31c-0.949,0.043-1.233,0.052-3.637,0.052 s-2.688-0.009-3.637-0.052c-0.877-0.04-1.354-0.187-1.671-0.31c-0.42-0.163-0.72-0.358-1.035-0.673 c-0.315-0.315-0.51-0.615-0.673-1.035c-0.123-0.317-0.27-0.794-0.31-1.671C4.631,14.688,4.622,14.403,4.622,12 s0.009-2.688,0.052-3.637c0.04-0.877,0.187-1.354,0.31-1.671c0.163-0.42,0.358-0.72,0.673-1.035 c0.315-0.315,0.615-0.51,1.035-0.673c0.317-0.123,0.794-0.27,1.671-0.31C9.312,4.631,9.597,4.622,12,4.622 M12,3 C9.556,3,9.249,3.01,8.289,3.054C7.331,3.098,6.677,3.25,6.105,3.472C5.513,3.702,5.011,4.01,4.511,4.511 c-0.5,0.5-0.808,1.002-1.038,1.594C3.25,6.677,3.098,7.331,3.054,8.289C3.01,9.249,3,9.556,3,12c0,2.444,0.01,2.751,0.054,3.711 c0.044,0.958,0.196,1.612,0.418,2.185c0.23,0.592,0.538,1.094,1.038,1.594c0.5,0.5,1.002,0.808,1.594,1.038 c0.572,0.222,1.227,0.375,2.185,0.418C9.249,20.99,9.556,21,12,21s2.751-0.01,3.711-0.054c0.958-0.044,1.612-0.196,2.185-0.418 c0.592-0.23,1.094-0.538,1.594-1.038c0.5-0.5,0.808-1.002,1.038-1.594c0.222-0.572,0.375-1.227,0.418-2.185 C20.99,14.751,21,14.444,21,12s-0.01-2.751-0.054-3.711c-0.044-0.958-0.196-1.612-0.418-2.185c-0.23-0.592-0.538-1.094-1.038-1.594 c-0.5-0.5-1.002-0.808-1.594-1.038c-0.572-0.222-1.227-0.375-2.185-0.418C14.751,3.01,14.444,3,12,3L12,3z M12,7.378 c-2.552,0-4.622,2.069-4.622,4.622S9.448,16.622,12,16.622s4.622-2.069,4.622-4.622S14.552,7.378,12,7.378z M12,15 c-1.657,0-3-1.343-3-3s1.343-3,3-3s3,1.343,3,3S13.657,15,12,15z M16.804,6.116c-0.596,0-1.08,0.484-1.08,1.08 s0.484,1.08,1.08,1.08c0.596,0,1.08-0.484,1.08-1.08S17.401,6.116,16.804,6.116z\"><\/path><\/svg><span class=\"wp-block-social-link-label screen-reader-text\">Instagram<\/span><\/a><\/li>\n\n<li class=\"wp-social-link wp-social-link-tiktok  wp-block-social-link\"><a href=\"https:\/\/www.tiktok.com\/@paolita1809\" class=\"wp-block-social-link-anchor\"><svg width=\"24\" height=\"24\" viewBox=\"0 0 32 32\" version=\"1.1\" xmlns=\"http:\/\/www.w3.org\/2000\/svg\" aria-hidden=\"true\" focusable=\"false\"><path d=\"M16.708 0.027c1.745-0.027 3.48-0.011 5.213-0.027 0.105 2.041 0.839 4.12 2.333 5.563 1.491 1.479 3.6 2.156 5.652 2.385v5.369c-1.923-0.063-3.855-0.463-5.6-1.291-0.76-0.344-1.468-0.787-2.161-1.24-0.009 3.896 0.016 7.787-0.025 11.667-0.104 1.864-0.719 3.719-1.803 5.255-1.744 2.557-4.771 4.224-7.88 4.276-1.907 0.109-3.812-0.411-5.437-1.369-2.693-1.588-4.588-4.495-4.864-7.615-0.032-0.667-0.043-1.333-0.016-1.984 0.24-2.537 1.495-4.964 3.443-6.615 2.208-1.923 5.301-2.839 8.197-2.297 0.027 1.975-0.052 3.948-0.052 5.923-1.323-0.428-2.869-0.308-4.025 0.495-0.844 0.547-1.485 1.385-1.819 2.333-0.276 0.676-0.197 1.427-0.181 2.145 0.317 2.188 2.421 4.027 4.667 3.828 1.489-0.016 2.916-0.88 3.692-2.145 0.251-0.443 0.532-0.896 0.547-1.417 0.131-2.385 0.079-4.76 0.095-7.145 0.011-5.375-0.016-10.735 0.025-16.093z\" \/><\/svg><span class=\"wp-block-social-link-label screen-reader-text\">TikTok<\/span><\/a><\/li><\/ul>\n\n\n\n<p>Coucou tout le monde,<\/p>\n\n\n\n<p>Je suis une femme colombienne qui adore voyager, visiter de nouveaux endroits, nouveaux go\u00fbts et apprendre des diff\u00e9rences culturelles. Je suis une femme ouverte d&#8217;esprit, qui adore apprendre et\u00a0 \u00eatre meilleur jour apr\u00e8s jour. A la requ\u00eate du sens de ma vie, je divise mes jours parmi un travail normal, une vie de jeune adulte et des courts et longs voyages autour du monde, au juste \u00e0\u00a0 quelques minutes de chez moi.<\/p>\n\n\n\n<p>A travers ce blog, je vous invite \u00e0 d\u00e9couvrir\u00a0 \u00e0 travers mes yeux et mes exp\u00e9riences, tr\u00e8s souvent en voyagant toute seule, des merveilleux endroits, trouver de conseils et des avis. <\/p>\n\n\n\n<p>N&#8217;h\u00e9sitez pas \u00e0 me suivre sur les r\u00e9seaux sociaux, \u00e0 m&#8217;\u00e9crire sur ce que vous pensez de mes exp\u00e9riences, photos, \u00e0 me poser de questions et \u00e0 me conseiller de mani\u00e8re constructive.<\/p>\n\n\n\n<p>Belle journ\u00e9e \u00e0 tous!<\/p>\n\n\n<ul class=\"wp-block-page-list\"><li class=\"wp-block-pages-list__item\"><a class=\"wp-block-pages-list__item__link\" href=\"https:\/\/travelerandexplorergirl.com\/index.php\/aprende-frances-con-paolita\/\">\u00a1Aprende franc\u00e9s con Paolita!<\/a><\/li><li class=\"wp-block-pages-list__item menu-item-home\"><a class=\"wp-block-pages-list__item__link\" href=\"https:\/\/travelerandexplorergirl.com\/\">\u00a1Bienvenido a Francia!<\/a><\/li><li class=\"wp-block-pages-list__item\"><a class=\"wp-block-pages-list__item__link\" href=\"https:\/\/travelerandexplorergirl.com\/index.php\/howiam\/\">\u00bfQui\u00e9n soy yo?\/Qui suis je ?<\/a><\/li><li class=\"wp-block-pages-list__item\"><a class=\"wp-block-pages-list__item__link\" href=\"https:\/\/travelerandexplorergirl.com\/index.php\/guiafrancesbasicoparaviajeros\/\">Gu\u00eda de 10 frases en franc\u00e9s f\u00e1cil para viajeros hispanos.<\/a><\/li><li class=\"wp-block-pages-list__item\"><a class=\"wp-block-pages-list__item__link\" href=\"https:\/\/travelerandexplorergirl.com\/index.php\/menciones-legales-mentions-legales\/\">Menciones Legales\/ Mentions L\u00e9gales<\/a><\/li><li class=\"wp-block-pages-list__item\"><a class=\"wp-block-pages-list__item__link\" href=\"https:\/\/travelerandexplorergirl.com\/index.php\/politique-de-confidentialite\/\">Pol\u00edtica de Confidencialidad\/Politique de confidentialit\u00e9<\/a><\/li><li class=\"wp-block-pages-list__item\"><a class=\"wp-block-pages-list__item__link\" href=\"https:\/\/travelerandexplorergirl.com\/index.php\/politica-de-cookies-ue\/\">Pol\u00edtica de cookies (UE)<\/a><\/li><li class=\"wp-block-pages-list__item\"><a class=\"wp-block-pages-list__item__link\" href=\"https:\/\/travelerandexplorergirl.com\/index.php\/ponte-en-contacto-conmigo\/\">Ponte en contacto conmigo<\/a><\/li><li class=\"wp-block-pages-list__item\"><a class=\"wp-block-pages-list__item__link\" href=\"https:\/\/travelerandexplorergirl.com\/index.php\/terminos-y-condiciones\/\">T\u00e9rminos y condiciones<\/a><\/li><\/ul>","protected":false},"excerpt":{"rendered":"<p>Hola a todos: Soy una chica colombiana a quien le encanta viajar, visitar nuevos lugares, probar nuevas cosas y aprender de las diferencias culturales. Me considero una mujer de mente abierta, a quien le encanta aprender y ser mejor cada d\u00eda que pasa. En b\u00fasqueda del sentido de mi vida, mis d\u00edas se dividen entre [&hellip;]<\/p>\n","protected":false},"author":1,"featured_media":0,"parent":0,"menu_order":0,"comment_status":"open","ping_status":"open","template":"","meta":{"content-type":"","jetpack_post_was_ever_published":false,"footnotes":""},"class_list":["post-6","page","type-page","status-publish","hentry","has-post-thumbnail"],"yoast_head":"<!-- This site is optimized with the Yoast SEO plugin v25.2 - https:\/\/yoast.com\/wordpress\/plugins\/seo\/ -->\n<title>\u00bfQui\u00e9n soy yo?\/Qui suis je ? - Traveler and Explorer Girl<\/title>\n<meta name=\"robots\" content=\"index, follow, max-snippet:-1, max-image-preview:large, max-video-preview:-1\" \/>\n<link rel=\"canonical\" href=\"https:\/\/travelerandexplorergirl.com\/index.php\/howiam\/\" \/>\n<meta property=\"og:locale\" content=\"es_ES\" \/>\n<meta property=\"og:type\" content=\"article\" \/>\n<meta property=\"og:title\" content=\"\u00bfQui\u00e9n soy yo?\/Qui suis je ? - Traveler and Explorer Girl\" \/>\n<meta property=\"og:description\" content=\"Hola a todos: Soy una chica colombiana a quien le encanta viajar, visitar nuevos lugares, probar nuevas cosas y aprender de las diferencias culturales. Me considero una mujer de mente abierta, a quien le encanta aprender y ser mejor cada d\u00eda que pasa. En b\u00fasqueda del sentido de mi vida, mis d\u00edas se dividen entre [&hellip;]\" \/>\n<meta property=\"og:url\" content=\"https:\/\/travelerandexplorergirl.com\/index.php\/howiam\/\" \/>\n<meta property=\"og:site_name\" content=\"Traveler and Explorer Girl\" \/>\n<meta property=\"article:modified_time\" content=\"2023-05-25T21:52:28+00:00\" \/>\n<meta property=\"og:image\" content=\"https:\/\/travelerandexplorergirl.com\/wp-content\/uploads\/2020\/08\/img_2060-225x300.jpg\" \/>\n<meta name=\"twitter:card\" content=\"summary_large_image\" \/>\n<meta name=\"twitter:label1\" content=\"Tiempo de lectura\" \/>\n\t<meta name=\"twitter:data1\" content=\"2 minutos\" \/>\n<script type=\"application\/ld+json\" class=\"yoast-schema-graph\">{\"@context\":\"https:\/\/schema.org\",\"@graph\":[{\"@type\":\"WebPage\",\"@id\":\"https:\/\/travelerandexplorergirl.com\/index.php\/howiam\/\",\"url\":\"https:\/\/travelerandexplorergirl.com\/index.php\/howiam\/\",\"name\":\"\u00bfQui\u00e9n soy yo?\/Qui suis je ? - Traveler and Explorer Girl\",\"isPartOf\":{\"@id\":\"https:\/\/travelerandexplorergirl.com\/#website\"},\"primaryImageOfPage\":{\"@id\":\"https:\/\/travelerandexplorergirl.com\/index.php\/howiam\/#primaryimage\"},\"image\":{\"@id\":\"https:\/\/travelerandexplorergirl.com\/index.php\/howiam\/#primaryimage\"},\"thumbnailUrl\":\"https:\/\/travelerandexplorergirl.com\/wp-content\/uploads\/2020\/08\/img_2060-225x300.jpg\",\"datePublished\":\"2013-03-26T04:34:55+00:00\",\"dateModified\":\"2023-05-25T21:52:28+00:00\",\"breadcrumb\":{\"@id\":\"https:\/\/travelerandexplorergirl.com\/index.php\/howiam\/#breadcrumb\"},\"inLanguage\":\"es\",\"potentialAction\":[{\"@type\":\"ReadAction\",\"target\":[\"https:\/\/travelerandexplorergirl.com\/index.php\/howiam\/\"]}]},{\"@type\":\"ImageObject\",\"inLanguage\":\"es\",\"@id\":\"https:\/\/travelerandexplorergirl.com\/index.php\/howiam\/#primaryimage\",\"url\":\"https:\/\/i0.wp.com\/travelerandexplorergirl.com\/wp-content\/uploads\/2020\/08\/img_2060-scaled.jpg?fit=1920%2C2560&ssl=1\",\"contentUrl\":\"https:\/\/i0.wp.com\/travelerandexplorergirl.com\/wp-content\/uploads\/2020\/08\/img_2060-scaled.jpg?fit=1920%2C2560&ssl=1\",\"width\":1920,\"height\":2560,\"caption\":\"travelerandexplorergirl-presentacion-quiensoyyo\"},{\"@type\":\"BreadcrumbList\",\"@id\":\"https:\/\/travelerandexplorergirl.com\/index.php\/howiam\/#breadcrumb\",\"itemListElement\":[{\"@type\":\"ListItem\",\"position\":1,\"name\":\"Portada\",\"item\":\"https:\/\/travelerandexplorergirl.com\/\"},{\"@type\":\"ListItem\",\"position\":2,\"name\":\"\u00bfQui\u00e9n soy yo?\/Qui suis je ?\"}]},{\"@type\":\"WebSite\",\"@id\":\"https:\/\/travelerandexplorergirl.com\/#website\",\"url\":\"https:\/\/travelerandexplorergirl.com\/\",\"name\":\"Traveler and Explorer Girl\",\"description\":\"Migraci\u00f3n a Francia, viajes y consejos de una latina en Francia.\",\"potentialAction\":[{\"@type\":\"SearchAction\",\"target\":{\"@type\":\"EntryPoint\",\"urlTemplate\":\"https:\/\/travelerandexplorergirl.com\/?s={search_term_string}\"},\"query-input\":{\"@type\":\"PropertyValueSpecification\",\"valueRequired\":true,\"valueName\":\"search_term_string\"}}],\"inLanguage\":\"es\"}]}<\/script>\n<!-- \/ Yoast SEO plugin. -->","yoast_head_json":{"title":"\u00bfQui\u00e9n soy yo?\/Qui suis je ? - Traveler and Explorer Girl","robots":{"index":"index","follow":"follow","max-snippet":"max-snippet:-1","max-image-preview":"max-image-preview:large","max-video-preview":"max-video-preview:-1"},"canonical":"https:\/\/travelerandexplorergirl.com\/index.php\/howiam\/","og_locale":"es_ES","og_type":"article","og_title":"\u00bfQui\u00e9n soy yo?\/Qui suis je ? - Traveler and Explorer Girl","og_description":"Hola a todos: Soy una chica colombiana a quien le encanta viajar, visitar nuevos lugares, probar nuevas cosas y aprender de las diferencias culturales. Me considero una mujer de mente abierta, a quien le encanta aprender y ser mejor cada d\u00eda que pasa. En b\u00fasqueda del sentido de mi vida, mis d\u00edas se dividen entre [&hellip;]","og_url":"https:\/\/travelerandexplorergirl.com\/index.php\/howiam\/","og_site_name":"Traveler and Explorer Girl","article_modified_time":"2023-05-25T21:52:28+00:00","og_image":[{"url":"https:\/\/travelerandexplorergirl.com\/wp-content\/uploads\/2020\/08\/img_2060-225x300.jpg","type":"","width":"","height":""}],"twitter_card":"summary_large_image","twitter_misc":{"Tiempo de lectura":"2 minutos"},"schema":{"@context":"https:\/\/schema.org","@graph":[{"@type":"WebPage","@id":"https:\/\/travelerandexplorergirl.com\/index.php\/howiam\/","url":"https:\/\/travelerandexplorergirl.com\/index.php\/howiam\/","name":"\u00bfQui\u00e9n soy yo?\/Qui suis je ? - Traveler and Explorer Girl","isPartOf":{"@id":"https:\/\/travelerandexplorergirl.com\/#website"},"primaryImageOfPage":{"@id":"https:\/\/travelerandexplorergirl.com\/index.php\/howiam\/#primaryimage"},"image":{"@id":"https:\/\/travelerandexplorergirl.com\/index.php\/howiam\/#primaryimage"},"thumbnailUrl":"https:\/\/travelerandexplorergirl.com\/wp-content\/uploads\/2020\/08\/img_2060-225x300.jpg","datePublished":"2013-03-26T04:34:55+00:00","dateModified":"2023-05-25T21:52:28+00:00","breadcrumb":{"@id":"https:\/\/travelerandexplorergirl.com\/index.php\/howiam\/#breadcrumb"},"inLanguage":"es","potentialAction":[{"@type":"ReadAction","target":["https:\/\/travelerandexplorergirl.com\/index.php\/howiam\/"]}]},{"@type":"ImageObject","inLanguage":"es","@id":"https:\/\/travelerandexplorergirl.com\/index.php\/howiam\/#primaryimage","url":"https:\/\/i0.wp.com\/travelerandexplorergirl.com\/wp-content\/uploads\/2020\/08\/img_2060-scaled.jpg?fit=1920%2C2560&ssl=1","contentUrl":"https:\/\/i0.wp.com\/travelerandexplorergirl.com\/wp-content\/uploads\/2020\/08\/img_2060-scaled.jpg?fit=1920%2C2560&ssl=1","width":1920,"height":2560,"caption":"travelerandexplorergirl-presentacion-quiensoyyo"},{"@type":"BreadcrumbList","@id":"https:\/\/travelerandexplorergirl.com\/index.php\/howiam\/#breadcrumb","itemListElement":[{"@type":"ListItem","position":1,"name":"Portada","item":"https:\/\/travelerandexplorergirl.com\/"},{"@type":"ListItem","position":2,"name":"\u00bfQui\u00e9n soy yo?\/Qui suis je ?"}]},{"@type":"WebSite","@id":"https:\/\/travelerandexplorergirl.com\/#website","url":"https:\/\/travelerandexplorergirl.com\/","name":"Traveler and Explorer Girl","description":"Migraci\u00f3n a Francia, viajes y consejos de una latina en Francia.","potentialAction":[{"@type":"SearchAction","target":{"@type":"EntryPoint","urlTemplate":"https:\/\/travelerandexplorergirl.com\/?s={search_term_string}"},"query-input":{"@type":"PropertyValueSpecification","valueRequired":true,"valueName":"search_term_string"}}],"inLanguage":"es"}]}},"jetpack-related-posts":[{"id":335,"url":"https:\/\/travelerandexplorergirl.com\/index.php\/aprende-frances-con-paolita\/","url_meta":{"origin":6,"position":0},"title":"\u00a1Aprende franc\u00e9s con Paolita!","author":"Paola Moreno","date":"15 septiembre 2023","format":false,"excerpt":"Si est\u00e1s interesado(a) en vivir o estudiar en Francia, no dudes en elegir \"Aprende franc\u00e9s con Paolita\". O si simplemente quieres aprender franc\u00e9s, qu\u00e9date aqu\u00ed tambi\u00e9n y disfruta de mi contenido gratuito. Aprender franc\u00e9s para construir una nueva vida y gozar de nuevas oportunidades Da click en la siguiente imagen\u2026","rel":"","context":"Entrada similar","block_context":{"text":"Entrada similar","link":""},"img":{"alt_text":"aprendefrancesconmigo-torreeiffel-francia-paris-clasesfrances-frances","src":"https:\/\/i0.wp.com\/travelerandexplorergirl.com\/wp-content\/uploads\/2023\/05\/aprendefrancesconmigo-torreeiffel-francia-paris-clasesfrances-frances-1-scaled.jpg?fit=1200%2C900&ssl=1&resize=350%2C200","width":350,"height":200,"srcset":"https:\/\/i0.wp.com\/travelerandexplorergirl.com\/wp-content\/uploads\/2023\/05\/aprendefrancesconmigo-torreeiffel-francia-paris-clasesfrances-frances-1-scaled.jpg?fit=1200%2C900&ssl=1&resize=350%2C200 1x, https:\/\/i0.wp.com\/travelerandexplorergirl.com\/wp-content\/uploads\/2023\/05\/aprendefrancesconmigo-torreeiffel-francia-paris-clasesfrances-frances-1-scaled.jpg?fit=1200%2C900&ssl=1&resize=525%2C300 1.5x, https:\/\/i0.wp.com\/travelerandexplorergirl.com\/wp-content\/uploads\/2023\/05\/aprendefrancesconmigo-torreeiffel-francia-paris-clasesfrances-frances-1-scaled.jpg?fit=1200%2C900&ssl=1&resize=700%2C400 2x, https:\/\/i0.wp.com\/travelerandexplorergirl.com\/wp-content\/uploads\/2023\/05\/aprendefrancesconmigo-torreeiffel-francia-paris-clasesfrances-frances-1-scaled.jpg?fit=1200%2C900&ssl=1&resize=1050%2C600 3x"},"classes":[]},{"id":1280,"url":"https:\/\/travelerandexplorergirl.com\/","url_meta":{"origin":6,"position":1},"title":"\u00a1Bienvenido a Francia!","author":"Paola Moreno","date":"23 julio 2024","format":false,"excerpt":"Migrar a Francia y viajar como mochiler@ por Europa: mis mejores consejos. Ayudar a la comunidad hispanohablante en el proceso de migraci\u00f3n a Francia es una de mis prioridades. Para comenzar, con consejos \u00fatiles de diversas tem\u00e1ticas para migrar a Francia: Trabajo, documentaci\u00f3n legal, estudios, conducci\u00f3n entre otros. Adem\u00e1s contribuyo\u2026","rel":"","context":"Entrada similar","block_context":{"text":"Entrada similar","link":""},"img":{"alt_text":"Guia10frasesfrancesviajeroshispanos- migraraFrancia","src":"https:\/\/i0.wp.com\/travelerandexplorergirl.com\/wp-content\/uploads\/2024\/08\/Mockup-Guia10frasesfrancesviajeroshispanos-GPMGDigital.png?resize=350%2C200&ssl=1","width":350,"height":200,"srcset":"https:\/\/i0.wp.com\/travelerandexplorergirl.com\/wp-content\/uploads\/2024\/08\/Mockup-Guia10frasesfrancesviajeroshispanos-GPMGDigital.png?resize=350%2C200&ssl=1 1x, https:\/\/i0.wp.com\/travelerandexplorergirl.com\/wp-content\/uploads\/2024\/08\/Mockup-Guia10frasesfrancesviajeroshispanos-GPMGDigital.png?resize=525%2C300&ssl=1 1.5x"},"classes":[]},{"id":1027,"url":"https:\/\/travelerandexplorergirl.com\/index.php\/guiafrancesbasicoparaviajeros\/","url_meta":{"origin":6,"position":2},"title":"Gu\u00eda de 10 frases en franc\u00e9s f\u00e1cil para viajeros hispanos.","author":"Paola Moreno","date":"12 febrero 2024","format":false,"excerpt":"\u00bfPronto llegas a Francia y necesitas hablar franc\u00e9s f\u00e1cil y b\u00e1sico para hacerte entender? Aqu\u00ed te ofrezco gratis una gu\u00eda de 10 frases b\u00e1sico, especialmente creada para viajeros hispanohablantes. All\u00ed podr\u00e1s aprender a comunicarte en situaciones cotidianas como: Pedir un caf\u00e9 Preguntar d\u00f3nde est\u00e1n los sanitarios Preguntar un trayecto desde\u2026","rel":"","context":"Entrada similar","block_context":{"text":"Entrada similar","link":""},"img":{"alt_text":"aprendefrancesconpaolita-travelerandexplorergirl-guiadefrances-hablarfrances","src":"https:\/\/i0.wp.com\/travelerandexplorergirl.com\/wp-content\/uploads\/2023\/05\/aprende-frances-conmigo-travelerandexplorergirl-1.jpg?resize=350%2C200&ssl=1","width":350,"height":200,"srcset":"https:\/\/i0.wp.com\/travelerandexplorergirl.com\/wp-content\/uploads\/2023\/05\/aprende-frances-conmigo-travelerandexplorergirl-1.jpg?resize=350%2C200&ssl=1 1x, https:\/\/i0.wp.com\/travelerandexplorergirl.com\/wp-content\/uploads\/2023\/05\/aprende-frances-conmigo-travelerandexplorergirl-1.jpg?resize=525%2C300&ssl=1 1.5x, https:\/\/i0.wp.com\/travelerandexplorergirl.com\/wp-content\/uploads\/2023\/05\/aprende-frances-conmigo-travelerandexplorergirl-1.jpg?resize=700%2C400&ssl=1 2x"},"classes":[]}],"jetpack_sharing_enabled":true,"_links":{"self":[{"href":"https:\/\/travelerandexplorergirl.com\/index.php\/wp-json\/wp\/v2\/pages\/6","targetHints":{"allow":["GET"]}}],"collection":[{"href":"https:\/\/travelerandexplorergirl.com\/index.php\/wp-json\/wp\/v2\/pages"}],"about":[{"href":"https:\/\/travelerandexplorergirl.com\/index.php\/wp-json\/wp\/v2\/types\/page"}],"author":[{"embeddable":true,"href":"https:\/\/travelerandexplorergirl.com\/index.php\/wp-json\/wp\/v2\/users\/1"}],"replies":[{"embeddable":true,"href":"https:\/\/travelerandexplorergirl.com\/index.php\/wp-json\/wp\/v2\/comments?post=6"}],"version-history":[{"count":7,"href":"https:\/\/travelerandexplorergirl.com\/index.php\/wp-json\/wp\/v2\/pages\/6\/revisions"}],"predecessor-version":[{"id":561,"href":"https:\/\/travelerandexplorergirl.com\/index.php\/wp-json\/wp\/v2\/pages\/6\/revisions\/561"}],"wp:attachment":[{"href":"https:\/\/travelerandexplorergirl.com\/index.php\/wp-json\/wp\/v2\/media?parent=6"}],"curies":[{"name":"wp","href":"https:\/\/api.w.org\/{rel}","templated":true}]}}